{"id":2740,"date":"2021-06-23T12:05:13","date_gmt":"2021-06-23T12:05:13","guid":{"rendered":"https:\/\/provencetourguide.com\/?page_id=2740"},"modified":"2024-12-07T13:29:29","modified_gmt":"2024-12-07T13:29:29","slug":"legal-notice-and-general-conditions-of-use","status":"publish","type":"page","link":"https:\/\/provencetourguide.com\/en\/legal-notice-and-general-conditions-of-use\/","title":{"rendered":"Legal Notice and General Conditions of Use"},"content":{"rendered":"<div data-elementor-type=\"wp-page\" data-elementor-id=\"2740\" class=\"elementor elementor-2740\">\n\t\t\t\t\t\t<section class=\"elementor-section elementor-top-section elementor-element elementor-element-cd1cbf1 elementor-section-boxed elementor-section-height-default elementor-section-height-default\" data-id=\"cd1cbf1\" data-element_type=\"section\">\n\t\t\t\t\t\t<div class=\"elementor-container elementor-column-gap-default\">\n\t\t\t\t\t<div class=\"elementor-column elementor-col-100 elementor-top-column elementor-element elementor-element-cab40bd\" data-id=\"cab40bd\" data-element_type=\"column\">\n\t\t\t<div class=\"elementor-widget-wrap elementor-element-populated\">\n\t\t\t\t\t\t<div class=\"elementor-element elementor-element-8f6b2d1 elementor-widget elementor-widget-heading\" data-id=\"8f6b2d1\" data-element_type=\"widget\" data-widget_type=\"heading.default\">\n\t\t\t\t<div class=\"elementor-widget-container\">\n\t\t\t\t\t<h1 class=\"elementor-heading-title elementor-size-default\"><u>MENTIONS L\u00c9GALES et CGU<\/u><\/h1>\t\t\t\t<\/div>\n\t\t\t\t<\/div>\n\t\t\t\t\t<\/div>\n\t\t<\/div>\n\t\t\t\t\t<\/div>\n\t\t<\/section>\n\t\t\t\t<section class=\"elementor-section elementor-top-section elementor-element elementor-element-935ea88 elementor-section-boxed elementor-section-height-default elementor-section-height-default\" data-id=\"935ea88\" data-element_type=\"section\">\n\t\t\t\t\t\t<div class=\"elementor-container elementor-column-gap-default\">\n\t\t\t\t\t<div class=\"elementor-column elementor-col-100 elementor-top-column elementor-element elementor-element-94e8bf6\" data-id=\"94e8bf6\" data-element_type=\"column\">\n\t\t\t<div class=\"elementor-widget-wrap elementor-element-populated\">\n\t\t\t\t\t\t<div class=\"elementor-element elementor-element-87800d0 elementor-widget-divider--view-line elementor-widget elementor-widget-divider\" data-id=\"87800d0\" data-element_type=\"widget\" data-widget_type=\"divider.default\">\n\t\t\t\t<div class=\"elementor-widget-container\">\n\t\t\t\t\t\t\t<div class=\"elementor-divider\">\n\t\t\t<span class=\"elementor-divider-separator\">\n\t\t\t\t\t\t<\/span>\n\t\t<\/div>\n\t\t\t\t\t\t<\/div>\n\t\t\t\t<\/div>\n\t\t\t\t\t<\/div>\n\t\t<\/div>\n\t\t\t\t\t<\/div>\n\t\t<\/section>\n\t\t\t\t<section class=\"elementor-section elementor-top-section elementor-element elementor-element-dc58a33 elementor-section-boxed elementor-section-height-default elementor-section-height-default\" data-id=\"dc58a33\" data-element_type=\"section\">\n\t\t\t\t\t\t<div class=\"elementor-container elementor-column-gap-default\">\n\t\t\t\t\t<div class=\"elementor-column elementor-col-100 elementor-top-column elementor-element elementor-element-a8b56df\" data-id=\"a8b56df\" data-element_type=\"column\">\n\t\t\t<div class=\"elementor-widget-wrap elementor-element-populated\">\n\t\t\t\t\t\t<div class=\"elementor-element elementor-element-5e6b525 elementor-widget elementor-widget-heading\" data-id=\"5e6b525\" data-element_type=\"widget\" data-widget_type=\"heading.default\">\n\t\t\t\t<div class=\"elementor-widget-container\">\n\t\t\t\t\t<h2 class=\"elementor-heading-title elementor-size-default\">Mentions L\u00e9gales<\/h2>\t\t\t\t<\/div>\n\t\t\t\t<\/div>\n\t\t\t\t\t<\/div>\n\t\t<\/div>\n\t\t\t\t\t<\/div>\n\t\t<\/section>\n\t\t\t\t<section class=\"elementor-section elementor-top-section elementor-element elementor-element-f4bd079 elementor-section-boxed elementor-section-height-default elementor-section-height-default\" data-id=\"f4bd079\" data-element_type=\"section\">\n\t\t\t\t\t\t<div class=\"elementor-container elementor-column-gap-default\">\n\t\t\t\t\t<div class=\"elementor-column elementor-col-100 elementor-top-column elementor-element elementor-element-bca69be\" data-id=\"bca69be\" data-element_type=\"column\">\n\t\t\t<div class=\"elementor-widget-wrap elementor-element-populated\">\n\t\t\t\t\t\t<div class=\"elementor-element elementor-element-5b355e2 padding-cgvml elementor-widget elementor-widget-text-editor\" data-id=\"5b355e2\" data-element_type=\"widget\" data-widget_type=\"text-editor.default\">\n\t\t\t\t<div class=\"elementor-widget-container\">\n\t\t\t\t\t\t\t\t\t<p style=\"text-align: left;\"><strong style=\"font-size: 20px;\">\u00c9diteur<\/strong><\/p><p>Le pr\u00e9sent site est \u00e9dit\u00e9 et g\u00e9r\u00e9 par Guides France, profession lib\u00e9rale, domicili\u00e9 au 128 bd de la Lib\u00e9ration 13004 Marseille, immatricul\u00e9 au r\u00e9pertoire SIREN sous le num\u00e9ro 812 777 597. Directeur de la publication : Service Communication Guides France, Mail : contact@guide-sudprovence.com, T\u00e9l\u00e9phone : 003319709792<\/p><p style=\"text-align: center;\"><strong style=\"font-size: 20px;\">H\u00e9bergeur<\/strong><\/p><p>Le pr\u00e9sent site est h\u00e9berg\u00e9 chez la soci\u00e9t\u00e9 OVH, immatricul\u00e9e au Registre du Commerce et des Soci\u00e9t\u00e9s.<\/p><p style=\"text-align: center;\"><strong style=\"font-size: 20px;\">Conception et r\u00e9alisation <\/strong><\/p><p>Le pr\u00e9sent site a \u00e9t\u00e9 con\u00e7u par Guides France, profession lib\u00e9rale, domicili\u00e9 \u00e0 Marseille, immatricul\u00e9 au r\u00e9pertoire SIREN sous le num\u00e9ro 812 777 597.<\/p>\t\t\t\t\t\t\t\t<\/div>\n\t\t\t\t<\/div>\n\t\t\t\t\t<\/div>\n\t\t<\/div>\n\t\t\t\t\t<\/div>\n\t\t<\/section>\n\t\t\t\t<section class=\"elementor-section elementor-top-section elementor-element elementor-element-6cb7dc1 elementor-section-boxed elementor-section-height-default elementor-section-height-default\" data-id=\"6cb7dc1\" data-element_type=\"section\">\n\t\t\t\t\t\t<div class=\"elementor-container elementor-column-gap-default\">\n\t\t\t\t\t<div class=\"elementor-column elementor-col-100 elementor-top-column elementor-element elementor-element-280ff17\" data-id=\"280ff17\" data-element_type=\"column\">\n\t\t\t<div class=\"elementor-widget-wrap elementor-element-populated\">\n\t\t\t\t\t\t<div class=\"elementor-element elementor-element-ae4ec1d elementor-widget-divider--view-line elementor-widget elementor-widget-divider\" data-id=\"ae4ec1d\" data-element_type=\"widget\" data-widget_type=\"divider.default\">\n\t\t\t\t<div class=\"elementor-widget-container\">\n\t\t\t\t\t\t\t<div class=\"elementor-divider\">\n\t\t\t<span class=\"elementor-divider-separator\">\n\t\t\t\t\t\t<\/span>\n\t\t<\/div>\n\t\t\t\t\t\t<\/div>\n\t\t\t\t<\/div>\n\t\t\t\t\t<\/div>\n\t\t<\/div>\n\t\t\t\t\t<\/div>\n\t\t<\/section>\n\t\t\t\t<section class=\"elementor-section elementor-top-section elementor-element elementor-element-3859abf elementor-section-boxed elementor-section-height-default elementor-section-height-default\" data-id=\"3859abf\" data-element_type=\"section\">\n\t\t\t\t\t\t<div class=\"elementor-container elementor-column-gap-default\">\n\t\t\t\t\t<div class=\"elementor-column elementor-col-100 elementor-top-column elementor-element elementor-element-03123a2\" data-id=\"03123a2\" data-element_type=\"column\">\n\t\t\t<div class=\"elementor-widget-wrap elementor-element-populated\">\n\t\t\t\t\t\t<div class=\"elementor-element elementor-element-0745527 elementor-widget elementor-widget-heading\" data-id=\"0745527\" data-element_type=\"widget\" data-widget_type=\"heading.default\">\n\t\t\t\t<div class=\"elementor-widget-container\">\n\t\t\t\t\t<h2 class=\"elementor-heading-title elementor-size-default\">Conditions G\u00e9n\u00e9rales d'Utilisation<\/h2>\t\t\t\t<\/div>\n\t\t\t\t<\/div>\n\t\t\t\t\t<\/div>\n\t\t<\/div>\n\t\t\t\t\t<\/div>\n\t\t<\/section>\n\t\t\t\t<section class=\"elementor-section elementor-top-section elementor-element elementor-element-c89d2cd elementor-section-boxed elementor-section-height-default elementor-section-height-default\" data-id=\"c89d2cd\" data-element_type=\"section\">\n\t\t\t\t\t\t<div class=\"elementor-container elementor-column-gap-default\">\n\t\t\t\t\t<div class=\"elementor-column elementor-col-100 elementor-top-column elementor-element elementor-element-1bac7e7\" data-id=\"1bac7e7\" data-element_type=\"column\">\n\t\t\t<div class=\"elementor-widget-wrap elementor-element-populated\">\n\t\t\t\t\t\t<div class=\"elementor-element elementor-element-dd1e3a1 padding-cgvml elementor-widget elementor-widget-text-editor\" data-id=\"dd1e3a1\" data-element_type=\"widget\" data-widget_type=\"text-editor.default\">\n\t\t\t\t<div class=\"elementor-widget-container\">\n\t\t\t\t\t\t\t\t\t<p style=\"font-size: 20px;\"><b>ARTICLE 1 \u2013 CHAMP D\u2019APPLICATION<\/b><\/p><p style=\"font-weight: 400;\">Les conditions g\u00e9n\u00e9rales d\u2019utilisation (ci-apr\u00e8s \u00ab CGU \u00bb) ont pour objet de d\u00e9finir les droits et obligations de l\u2019utilisateur (ci-apr\u00e8s l\u2019Utilisateur \u00bb) lors de l\u2019utilisation des services propos\u00e9s par Guide Sud Provence (ci-apr\u00e8s \u00ab Guide Sud Provence\u00bb ou \u00ab l\u2019Editeur \u00bb) par l\u2019interm\u00e9diaire du pr\u00e9sent site Internet (ci-apr\u00e8s le \u00ab Site \u00bb).<\/p><p style=\"font-weight: 400;\">Toute utilisation du Site, de la part de l\u2019Utilisateur, implique l&#8217;acceptation pleine et enti\u00e8re des CGU. En cons\u00e9quence, l\u2019Utilisateur reconna\u00eet que l\u2019Editeur\u00a0consid\u00e8re l\u2019utilisation et la navigation du Site par l\u2019Utilisateur comme une acceptation de ces CGU et ce d\u00e8s la premi\u00e8re utilisation du Site. Un manquement aux pr\u00e9sentes CGU engagerait la responsabilit\u00e9 de l\u2019Utilisateur.<\/p><p style=\"font-size: 20px;\"><b>ARTICLE 2 \u2013 DESCRIPTION DES SERVICES<\/b><\/p><p style=\"font-weight: 400;\">Le service propos\u00e9 par l\u2019Editeur\u00a0consiste en la possibilit\u00e9, pour l\u2019Utilisateur, de revivre un \u00e9v\u00e9nement historique \u00ab\u00a0D-DAY IN PROVENCE \u00bb relatif au d\u00e9barquement des Alli\u00e9s en Provence en Ao\u00fbt 1944 au travers de plusieurs itin\u00e9raires de visite guid\u00e9e. Des visites guid\u00e9es et activit\u00e9s dans toute la France sont aussi propos\u00e9es.<\/p><p style=\"font-size: 20px;\"><b>ARTICLE 3 \u2013 PROPRIETE INTELLECTUELLE<\/b><\/p><p style=\"font-weight: 400;\">Le Site est la propri\u00e9t\u00e9 de Guides France qui est titulaire ou concessionnaire des droits de propri\u00e9t\u00e9 intellectuelle et autres droits relatifs tant \u00e0 la structure g\u00e9n\u00e9rale du Site qu\u2019\u00e0 son contenu (textes, graphismes, images, vid\u00e9os, photos, bases de donn\u00e9es, typographies, charte graphique, identit\u00e9 visuelle, mise en page et autres contenus), aux logiciels et algorithmes permettant son fonctionnement, aux signes distinctifs associ\u00e9s \u00e0 l\u2019exploitation du Site.<\/p><p style=\"font-weight: 400;\">Conform\u00e9ment aux dispositions du Code de la propri\u00e9t\u00e9 intellectuelle, toute repr\u00e9sentation, reproduction, modification, d\u00e9naturation et\/ou exploitation totale ou partielle du Site et\/ou de ses contenus tels que rappel\u00e9s ci-dessus par quelque proc\u00e9d\u00e9 que ce soit et sur quelque support que ce soit, sans l&#8217;autorisation expresse et pr\u00e9alable de l\u2019Editeur, est prohib\u00e9e.<\/p><p style=\"font-weight: 400;\">De m\u00eame, toute exploitation non autoris\u00e9e du Site et\/ou de ses contenus et\/ou des logiciels et\/ou des signes distinctifs (tels que, notamment, les marques d\u00e9pos\u00e9es ou non encore d\u00e9pos\u00e9es par Guides France) appartenant et\/ou exploit\u00e9s par Guides France engage la responsabilit\u00e9 de son auteur sur le fondement de la contrefa\u00e7on et\/ou de la concurrence d\u00e9loyale.<\/p><p style=\"font-weight: 400;\">L\u2019utilisateur s\u2019engage, d\u2019une mani\u00e8re g\u00e9n\u00e9rale, \u00e0 ne pas porter atteinte de quelque mani\u00e8re que ce soit aux droits de Guides France.<\/p><p style=\"font-size: 20px;\"><b>ARTICLE 4\u00a0\u2013 DONNEES PERSONNELLES<\/b><\/p><p><b>4.1. <\/b><span style=\"font-weight: 400;\">Pour commander le Service, l\u2019Utilisateur doit entrer en contact avec Guide Sud Provence et remplir, pour cela, un formulaire d\u2019information au sein duquel<\/span> <span style=\"font-weight: 400;\">les donn\u00e9es suivantes sont collect\u00e9es : nom, pr\u00e9nom, adresse \u00e9lectronique, num\u00e9ro de t\u00e9l\u00e9phone, fonction, position et, le cas \u00e9ch\u00e9ant, nom de l\u2019entreprise. Ces donn\u00e9es sont n\u00e9cessaires \u00e0 la mise en relation de Guide Sud Provence et de l\u2019Utilisateur et, le cas \u00e9ch\u00e9ant, \u00e0 la fourniture, \u00e0 l\u2019Utilisateur, du Service.<\/span><\/p><p><b>4.2. <\/b><span style=\"font-weight: 400;\">Les donn\u00e9es sont conserv\u00e9es pendant un an.<\/span><\/p><p><b>4.3. <\/b><span style=\"font-weight: 400;\">Conform\u00e9ment au R\u00e8glement europ\u00e9en sur la protection des donn\u00e9es dit \u00ab\u00a0RGPD\u00a0\u00bb et \u00e0 la loi informatique et libert\u00e9s n\u00b078-17 du 6 janvier 1978 modifi\u00e9e relative \u00e0 l&#8217;informatique, aux fichiers et aux libert\u00e9s, l\u2019Utilisateur dispose d\u2019un droit d\u2019acc\u00e8s, de rectification, de modification et de radiation des donn\u00e9es le concernant sur simple demande \u00e9crite adress\u00e9e \u00e0 contact@guides-france.com<\/span><\/p><p><b>4.4. <\/b><span style=\"font-weight: 400;\"> L\u2019Editeur met en \u0153uvre des mesures organisationnelles et de s\u00e9curit\u00e9 pour prot\u00e9ger les donn\u00e9es personnelles de l\u2019Utilisateur contre le vol ainsi que l&#8217;acc\u00e8s, l&#8217;utilisation et la modification non autoris\u00e9s.\u00a0<\/span><\/p><p style=\"font-weight: 400;\">Des mesures techniques et organisationnelles sont prises pour que les syst\u00e8mes informatiques supportant le traitement de donn\u00e9es \u00e0 caract\u00e8re personnel respectent les exigences internes de Guide Sud Provence.<\/p><p style=\"font-weight: 400;\">En cas d\u2019autorisation de l\u2019Utilisateur, ce dernier est inform\u00e9 du fait que les Cookies analytics et publicitaires pourront \u00e9galement \u00eatre utilis\u00e9s par l\u2019Editeur pour collecter ou recevoir des informations \u00e0 partir du Site et utiliser ces informations pour fournir des services de mesure d\u2019audience et des publicit\u00e9s cibl\u00e9es.<\/p><p style=\"font-weight: 400;\">L\u2019Utilisateur est inform\u00e9 du fait qu\u2019il dispose, en tout \u00e9tat de cause, d\u2019un droit d\u2019opposition \u00e0 l\u2019utilisation des Cookies analytics et publicitaires en modifiant la configuration de son navigateur.<\/p><p><b>ARTICLE 5 &#8211; DROIT APPLICABLE &#8211; ATTRIBUTION DE JURIDICTION<\/b><\/p><p><b>6.1.<\/b><span style=\"font-weight: 400;\"> Les CGU sont soumises au droit fran\u00e7ais.<\/span><\/p><p><strong>6.2.<\/strong> Tout diff\u00e9rend auquel les pr\u00e9sentes conditions g\u00e9n\u00e9rales pourraient donner lieu, concernant tant leur acceptation, leur validit\u00e9, leur interpr\u00e9tation, leur ex\u00e9cution, que leur cessation, ses cons\u00e9quences et ses suites rel\u00e8vent de la comp\u00e9tence exclusive du Tribunal de commerce de Marseille nonobstant proc\u00e9dure d\u2019urgence, pluralit\u00e9 de d\u00e9fendeurs et\/ou appel en cours.<\/p>\t\t\t\t\t\t\t\t<\/div>\n\t\t\t\t<\/div>\n\t\t\t\t\t<\/div>\n\t\t<\/div>\n\t\t\t\t\t<\/div>\n\t\t<\/section>\n\t\t\t\t<\/div>","protected":false},"excerpt":{"rendered":"<p>MENTIONS L\u00c9GALES et CGU Mentions L\u00e9gales \u00c9diteur Le pr\u00e9sent site est \u00e9dit\u00e9 et g\u00e9r\u00e9 par Guides France, profession lib\u00e9rale, domicili\u00e9 au 128 bd de la Lib\u00e9ration 13004 Marseille, immatricul\u00e9 au r\u00e9pertoire SIREN sous le num\u00e9ro 812 777 597. Directeur de la publication : Service Communication Guides France, Mail : contact@guide-sudprovence.com, T\u00e9l\u00e9phone : 003319709792 H\u00e9bergeur Le &#8230;<\/p>","protected":false},"author":965,"featured_media":0,"parent":0,"menu_order":0,"comment_status":"closed","ping_status":"closed","template":"","meta":{"footnotes":""},"class_list":["post-2740","page","type-page","status-publish","hentry"],"_links":{"self":[{"href":"https:\/\/provencetourguide.com\/en\/wp-json\/wp\/v2\/pages\/2740","targetHints":{"allow":["GET"]}}],"collection":[{"href":"https:\/\/provencetourguide.com\/en\/wp-json\/wp\/v2\/pages"}],"about":[{"href":"https:\/\/provencetourguide.com\/en\/wp-json\/wp\/v2\/types\/page"}],"author":[{"embeddable":true,"href":"https:\/\/provencetourguide.com\/en\/wp-json\/wp\/v2\/users\/965"}],"replies":[{"embeddable":true,"href":"https:\/\/provencetourguide.com\/en\/wp-json\/wp\/v2\/comments?post=2740"}],"version-history":[{"count":12,"href":"https:\/\/provencetourguide.com\/en\/wp-json\/wp\/v2\/pages\/2740\/revisions"}],"predecessor-version":[{"id":22965,"href":"https:\/\/provencetourguide.com\/en\/wp-json\/wp\/v2\/pages\/2740\/revisions\/22965"}],"wp:attachment":[{"href":"https:\/\/provencetourguide.com\/en\/wp-json\/wp\/v2\/media?parent=2740"}],"curies":[{"name":"wp","href":"https:\/\/api.w.org\/{rel}","templated":true}]}}