{"id":2676,"date":"2021-06-22T16:27:18","date_gmt":"2021-06-22T16:27:18","guid":{"rendered":"https:\/\/provencetourguide.com\/?page_id=2676"},"modified":"2021-07-27T06:20:04","modified_gmt":"2021-07-27T06:20:04","slug":"policy","status":"publish","type":"page","link":"https:\/\/provencetourguide.com\/en\/policy\/","title":{"rendered":"Privacy Policy"},"content":{"rendered":"<div data-elementor-type=\"wp-page\" data-elementor-id=\"2676\" class=\"elementor elementor-2676\">\n\t\t\t\t\t\t<section class=\"elementor-section elementor-top-section elementor-element elementor-element-865bd1b elementor-section-boxed elementor-section-height-default elementor-section-height-default\" data-id=\"865bd1b\" data-element_type=\"section\" data-e-type=\"section\">\n\t\t\t\t\t\t<div class=\"elementor-container elementor-column-gap-default\">\n\t\t\t\t\t<div class=\"elementor-column elementor-col-100 elementor-top-column elementor-element elementor-element-7a6d160\" data-id=\"7a6d160\" data-element_type=\"column\" data-e-type=\"column\">\n\t\t\t<div class=\"elementor-widget-wrap elementor-element-populated\">\n\t\t\t\t\t\t<div class=\"elementor-element elementor-element-71c5ed1 elementor-widget elementor-widget-heading\" data-id=\"71c5ed1\" data-element_type=\"widget\" data-e-type=\"widget\" data-widget_type=\"heading.default\">\n\t\t\t\t<div class=\"elementor-widget-container\">\n\t\t\t\t\t<h1 class=\"elementor-heading-title elementor-size-default\"><b><u>POLITIQUE DE CONFIDENTALIT\u00c9<\/b><\/U><\/h1>\t\t\t\t<\/div>\n\t\t\t\t<\/div>\n\t\t\t\t\t<\/div>\n\t\t<\/div>\n\t\t\t\t\t<\/div>\n\t\t<\/section>\n\t\t\t\t<section class=\"elementor-section elementor-top-section elementor-element elementor-element-6d05739 elementor-section-boxed elementor-section-height-default elementor-section-height-default\" data-id=\"6d05739\" data-element_type=\"section\" data-e-type=\"section\">\n\t\t\t\t\t\t<div class=\"elementor-container elementor-column-gap-default\">\n\t\t\t\t\t<div class=\"elementor-column elementor-col-100 elementor-top-column elementor-element elementor-element-0b46942\" data-id=\"0b46942\" data-element_type=\"column\" data-e-type=\"column\">\n\t\t\t<div class=\"elementor-widget-wrap elementor-element-populated\">\n\t\t\t\t\t\t<div class=\"elementor-element elementor-element-5383a86 elementor-widget-divider--view-line elementor-widget elementor-widget-divider\" data-id=\"5383a86\" data-element_type=\"widget\" data-e-type=\"widget\" data-widget_type=\"divider.default\">\n\t\t\t\t<div class=\"elementor-widget-container\">\n\t\t\t\t\t\t\t<div class=\"elementor-divider\">\n\t\t\t<span class=\"elementor-divider-separator\">\n\t\t\t\t\t\t<\/span>\n\t\t<\/div>\n\t\t\t\t\t\t<\/div>\n\t\t\t\t<\/div>\n\t\t\t\t\t<\/div>\n\t\t<\/div>\n\t\t\t\t\t<\/div>\n\t\t<\/section>\n\t\t\t\t<section class=\"elementor-section elementor-top-section elementor-element elementor-element-767fe4a elementor-section-boxed elementor-section-height-default elementor-section-height-default\" data-id=\"767fe4a\" data-element_type=\"section\" data-e-type=\"section\">\n\t\t\t\t\t\t<div class=\"elementor-container elementor-column-gap-default\">\n\t\t\t\t\t<div class=\"elementor-column elementor-col-100 elementor-top-column elementor-element elementor-element-84556d0\" data-id=\"84556d0\" data-element_type=\"column\" data-e-type=\"column\">\n\t\t\t<div class=\"elementor-widget-wrap elementor-element-populated\">\n\t\t\t\t\t\t<div class=\"elementor-element elementor-element-b604d88 elementor-widget elementor-widget-heading\" data-id=\"b604d88\" data-element_type=\"widget\" data-e-type=\"widget\" data-widget_type=\"heading.default\">\n\t\t\t\t<div class=\"elementor-widget-container\">\n\t\t\t\t\t<h2 class=\"elementor-heading-title elementor-size-default\">INFORMATION LORS DE LA COLLECTE DES DONN\u00c9ES PERSONNELLES<\/h2>\t\t\t\t<\/div>\n\t\t\t\t<\/div>\n\t\t\t\t\t<\/div>\n\t\t<\/div>\n\t\t\t\t\t<\/div>\n\t\t<\/section>\n\t\t\t\t<section class=\"elementor-section elementor-top-section elementor-element elementor-element-cf25cbf padding-cgvml, elementor-section-boxed elementor-section-height-default elementor-section-height-default\" data-id=\"cf25cbf\" data-element_type=\"section\" data-e-type=\"section\">\n\t\t\t\t\t\t<div class=\"elementor-container elementor-column-gap-default\">\n\t\t\t\t\t<div class=\"elementor-column elementor-col-100 elementor-top-column elementor-element elementor-element-a09a6db\" data-id=\"a09a6db\" data-element_type=\"column\" data-e-type=\"column\">\n\t\t\t<div class=\"elementor-widget-wrap elementor-element-populated\">\n\t\t\t\t\t\t<div class=\"elementor-element elementor-element-2961568 padding-cgvml elementor-widget elementor-widget-text-editor\" data-id=\"2961568\" data-element_type=\"widget\" data-e-type=\"widget\" data-widget_type=\"text-editor.default\">\n\t\t\t\t<div class=\"elementor-widget-container\">\n\t\t\t\t\t\t\t\t\t<p><span style=\"font-weight: 400;\">\u00ab\u00a0Les donn\u00e9es personnelles renseign\u00e9es dans le formulaire de contact sont collect\u00e9es et trait\u00e9es par Monsieur Cecyl Tarlier, Editeur du pr\u00e9sent site Internet, pour les seuls besoins de la gestion de votre demande et de ses suites. Ces donn\u00e9es ne sont communiqu\u00e9es \u00e0 aucun tiers.<\/span><\/p><p><span style=\"font-weight: 400;\">Conform\u00e9ment au R\u00e8glement europ\u00e9en sur la protection des donn\u00e9es dit \u00ab\u00a0RGPD\u00a0\u00bb et \u00e0 la loi informatique et libert\u00e9s n\u00b078-17 du 6 janvier 1978 modifi\u00e9e relative \u00e0 l&#8217;informatique, aux fichiers et aux libert\u00e9s, vous disposez d\u2019un droit d\u2019acc\u00e8s, de rectification, d\u2019effacement, de modification de vos donn\u00e9es personnelles et de retrait de votre consentement ou de d\u00e9finir des directives relatives au sort de ces donn\u00e9es apr\u00e8s votre d\u00e9c\u00e8s dans les conditions et limites pr\u00e9vues par la r\u00e9glementation des donn\u00e9es vous concernant en envoyant une demande \u00e9crite adress\u00e9e \u00e0 contact@guides-france.com.\u00a0<\/span><\/p><p><span style=\"font-weight: 400;\">Pour en savoir plus, consulter <span style=\"text-decoration: underline;\"><a href=\"https:\/\/provencetourguide.com\/mentions-legales-et-cgu\/\">nos conditions g\u00e9n\u00e9rales d\u2019utilisation<\/a><\/span>.<\/span><\/p>\t\t\t\t\t\t\t\t<\/div>\n\t\t\t\t<\/div>\n\t\t\t\t\t<\/div>\n\t\t<\/div>\n\t\t\t\t\t<\/div>\n\t\t<\/section>\n\t\t\t\t<\/div>","protected":false},"excerpt":{"rendered":"<p>POLITIQUE DE CONFIDENTALIT\u00c9 INFORMATION LORS DE LA COLLECTE DES DONN\u00c9ES PERSONNELLES \u00ab\u00a0Les donn\u00e9es personnelles renseign\u00e9es dans le formulaire de contact sont collect\u00e9es et trait\u00e9es par Monsieur Cecyl Tarlier, Editeur du pr\u00e9sent site Internet, pour les seuls besoins de la gestion de votre demande et de ses suites. Ces donn\u00e9es ne sont communiqu\u00e9es \u00e0 aucun tiers. &#8230;<\/p>","protected":false},"author":965,"featured_media":0,"parent":0,"menu_order":0,"comment_status":"closed","ping_status":"closed","template":"","meta":{"footnotes":""},"class_list":["post-2676","page","type-page","status-publish","hentry"],"_links":{"self":[{"href":"https:\/\/provencetourguide.com\/en\/wp-json\/wp\/v2\/pages\/2676","targetHints":{"allow":["GET"]}}],"collection":[{"href":"https:\/\/provencetourguide.com\/en\/wp-json\/wp\/v2\/pages"}],"about":[{"href":"https:\/\/provencetourguide.com\/en\/wp-json\/wp\/v2\/types\/page"}],"author":[{"embeddable":true,"href":"https:\/\/provencetourguide.com\/en\/wp-json\/wp\/v2\/users\/965"}],"replies":[{"embeddable":true,"href":"https:\/\/provencetourguide.com\/en\/wp-json\/wp\/v2\/comments?post=2676"}],"version-history":[{"count":0,"href":"https:\/\/provencetourguide.com\/en\/wp-json\/wp\/v2\/pages\/2676\/revisions"}],"wp:attachment":[{"href":"https:\/\/provencetourguide.com\/en\/wp-json\/wp\/v2\/media?parent=2676"}],"curies":[{"name":"wp","href":"https:\/\/api.w.org\/{rel}","templated":true}]}}