{"id":2624,"date":"2021-06-22T14:36:08","date_gmt":"2021-06-22T14:36:08","guid":{"rendered":"https:\/\/provencetourguide.com\/vendor-register\/"},"modified":"2025-12-04T11:49:00","modified_gmt":"2025-12-04T11:49:00","slug":"guides-speakers-join-the-community","status":"publish","type":"page","link":"https:\/\/provencetourguide.com\/en\/guides-speakers-join-the-community\/","title":{"rendered":"GUIDES-SPEAKERS: JOIN THE COMMUNITY!"},"content":{"rendered":"<div data-elementor-type=\"wp-page\" data-elementor-id=\"2624\" class=\"elementor elementor-2624\">\n\t\t\t\t\t\t<section class=\"elementor-section elementor-top-section elementor-element elementor-element-58909d27 elementor-section-boxed elementor-section-height-default elementor-section-height-default\" data-id=\"58909d27\" data-element_type=\"section\" data-e-type=\"section\">\n\t\t\t\t\t\t<div class=\"elementor-container elementor-column-gap-default\">\n\t\t\t\t\t<div class=\"elementor-column elementor-col-100 elementor-top-column elementor-element elementor-element-5014c47\" data-id=\"5014c47\" data-element_type=\"column\" data-e-type=\"column\">\n\t\t\t<div class=\"elementor-widget-wrap elementor-element-populated\">\n\t\t\t\t\t\t<div class=\"elementor-element elementor-element-fc354e9 elementor-widget elementor-widget-text-editor\" data-id=\"fc354e9\" data-element_type=\"widget\" data-e-type=\"widget\" data-widget_type=\"text-editor.default\">\n\t\t\t\t<div class=\"elementor-widget-container\">\n\t\t\t\t\t\t\t\t\t<h3 style=\"text-align: center;\"><b>ADHESION ANNUELLE : <span style=\"color: #0000ff;\">15 \u20ac\/an<\/span><\/b><\/h3><h4 style=\"text-align: center;\"><strong><span style=\"color: #0000ff;\">A QUOI SERT VOTRE ABONNEMENT ?<\/span><\/strong><\/h4><div><b>\u00a0<\/b><\/div><div>\u00a0<\/div><p style=\"text-align: center;\"><b>\u2013 \u00a0VOUS APPARAITREZ DANS LE TROMBINOSCOPE DES <a href=\"https:\/\/guide-sudprovence.com\/guides-de-france\/\" target=\"_blank\" rel=\"noopener\"><span style=\"color: #0000ff;\">GUIDES SUD PROVENCE<\/span><\/a> ET DES <\/b><strong><span style=\"color: #0000ff;\"><a style=\"background-color: #ffffff; text-align: left; color: #0000ff;\" href=\"https:\/\/www.guides-france.com\/guides-de-france\/\" target=\"_blank\" rel=\"noopener\">GUIDES-CONFERENCIERS DE FRANCE<\/a><\/span><\/strong><\/p><p style=\"text-align: center;\"><b>\u2013 NOUS VOUS AIDONS \u00c0 METTRE EN LIGNE VOTRE OFFRE ET \u00c0 R\u00c9ALISER DES VENTES<\/b><\/p><p style=\"text-align: center;\"><b>\u2013 NOUS PUBLIONS VOS COMMUNICATIONS PROFESSIONNELLES ET COMMERCIALES SUR LE BLOG \u201cGUIDE SUD PROVENCE\u201d<\/b><\/p><p style=\"text-align: center;\"><b>\u2013 NOUS CR\u00c9ONS VOTRE PAGE PROFESSIONNELLE AVEC VOS R\u00c9F\u00c9RENCES<\/b><\/p><p style=\"text-align: center;\"><b>\u2013 VOTRE ABONNEMENT SOUTIENT LA PROFESSION DE GUIDE-CONF\u00c9RENCIER<\/b><\/p><p style=\"text-align: center;\"><b>\u2013 VOTRE ABONNEMENT SERT \u00c0 DEFENDRE<a href=\"https:\/\/www.guides-france.com\/metier-de-guide-conferencier\/\" target=\"_blank\" rel=\"noopener\"><span style=\"color: #0000ff;\">\u00a0LA CARTE PROFESSIONNELLE<\/span>\u00a0<\/a>ET LES \u00c9TUDES UNIVERSITAIRES QUI Y CONDUISENT<\/b><\/p><p style=\"text-align: center;\"><b>\u2013 VOUS RECEVEZ EN PRIORIT\u00c9 DES MISSIONS QUI SONT BLOQU\u00c9ES\/PAY\u00c9ES, SI N\u00c9CESSAIRE PAYABLES\u00a0AVANT\u00a0LA MISSION.<\/b><\/p><p style=\"text-align: center;\"><b>\u00a0<\/b><\/p>\t\t\t\t\t\t\t\t<\/div>\n\t\t\t\t<\/div>\n\t\t\t\t<div class=\"elementor-element elementor-element-48125c01 elementor-widget elementor-widget-shortcode\" data-id=\"48125c01\" data-element_type=\"widget\" data-e-type=\"widget\" data-widget_type=\"shortcode.default\">\n\t\t\t\t<div class=\"elementor-widget-container\">\n\t\t\t\t\t\t\t<div class=\"elementor-shortcode\"><div id=\"wcfm-main-contentainer\"> <div id=\"wcfm-content\"><div class=\"wcfm-membership-wrapper\"> <\/div><\/div><\/div><\/div>\n\t\t\t\t\t\t<\/div>\n\t\t\t\t<\/div>\n\t\t\t\t<div class=\"elementor-element elementor-element-28105d2 elementor-widget elementor-widget-heading\" data-id=\"28105d2\" data-element_type=\"widget\" data-e-type=\"widget\" data-widget_type=\"heading.default\">\n\t\t\t\t<div class=\"elementor-widget-container\">\n\t\t\t\t\t<p class=\"elementor-heading-title elementor-size-default\">The information collected is in accordance with the regulations in force on the protection of personal data. They are collected only to facilitate the connection with customers and will never be disclosed, sold or exchanged with a third party without your consent. You have the right to access, modify or withdraw. For any questions, contact@guides-sudprovence.com.<\/p>\t\t\t\t<\/div>\n\t\t\t\t<\/div>\n\t\t\t\t\t<\/div>\n\t\t<\/div>\n\t\t\t\t\t<\/div>\n\t\t<\/section>\n\t\t\t\t<\/div>","protected":false},"excerpt":{"rendered":"<p>ADHESION ANNUELLE : 15 \u20ac\/an A QUOI SERT VOTRE ABONNEMENT ? \u00a0\u00a0 \u2013 \u00a0VOUS APPARAITREZ DANS LE TROMBINOSCOPE DES GUIDES SUD PROVENCE ET DES GUIDES-CONFERENCIERS DE FRANCE \u2013 NOUS VOUS AIDONS \u00c0 METTRE EN LIGNE VOTRE OFFRE ET \u00c0 R\u00c9ALISER DES VENTES \u2013 NOUS PUBLIONS VOS COMMUNICATIONS PROFESSIONNELLES ET COMMERCIALES SUR LE BLOG \u201cGUIDE SUD &#8230;<\/p>","protected":false},"author":965,"featured_media":0,"parent":0,"menu_order":0,"comment_status":"closed","ping_status":"closed","template":"","meta":{"footnotes":""},"class_list":["post-2624","page","type-page","status-publish","hentry"],"_links":{"self":[{"href":"https:\/\/provencetourguide.com\/en\/wp-json\/wp\/v2\/pages\/2624","targetHints":{"allow":["GET"]}}],"collection":[{"href":"https:\/\/provencetourguide.com\/en\/wp-json\/wp\/v2\/pages"}],"about":[{"href":"https:\/\/provencetourguide.com\/en\/wp-json\/wp\/v2\/types\/page"}],"author":[{"embeddable":true,"href":"https:\/\/provencetourguide.com\/en\/wp-json\/wp\/v2\/users\/965"}],"replies":[{"embeddable":true,"href":"https:\/\/provencetourguide.com\/en\/wp-json\/wp\/v2\/comments?post=2624"}],"version-history":[{"count":6,"href":"https:\/\/provencetourguide.com\/en\/wp-json\/wp\/v2\/pages\/2624\/revisions"}],"predecessor-version":[{"id":23293,"href":"https:\/\/provencetourguide.com\/en\/wp-json\/wp\/v2\/pages\/2624\/revisions\/23293"}],"wp:attachment":[{"href":"https:\/\/provencetourguide.com\/en\/wp-json\/wp\/v2\/media?parent=2624"}],"curies":[{"name":"wp","href":"https:\/\/api.w.org\/{rel}","templated":true}]}}